{"id":6394,"date":"2025-08-06T19:29:21","date_gmt":"2025-08-06T19:29:21","guid":{"rendered":"https:\/\/officialmedistore.com\/?post_type=product&#038;p=6394"},"modified":"2025-08-07T13:32:12","modified_gmt":"2025-08-07T13:32:12","slug":"lovetoy-virgin-skin-blowout-double-side-stroker-vagina-and-anus","status":"publish","type":"product","link":"https:\/\/officialmedistore.com\/fr\/produit\/lovetoy-virgin-skin-blowout-double-side-stroker-vagina-and-anus\/","title":{"rendered":"LoveToy Vierge-de la Peau \u00c9ruption Double C\u00f4t\u00e9 Stroker Vagin et de l&#039;Anus"},"content":{"rendered":"<p class=\"gt-block\">EAN: 6970260908504<br \/>\nSize: 22 x \u00d8 7,3cm<br \/>\nWaterproof: Water resistant<br \/>\nWeight: 0,408<br \/>\nMaterial: TPE<br \/>\nColor: Nude<\/p>\n<p>The Virgin-Skin Blowout Double Side Stroker offers an unparalleled realistic feel that surpasses other strokers. It has specially designed chambers with pleasure nubs and bumps, which create a tight and stimulating passage, starting at the vaginal area and followed by exciting textures. The combination of intense patterns and variable channels delivers exciting stimulation. Thanks to the double-sided open design, an average penis can easily enter any part of this chamber.<\/p>\n<p>This stroker is hypoallergenic, antibacterial and very flexible.<\/p>\n<p>Cleaning is a breeze with an antibacterial toy cleaner or warm soapy water<\/p>","protected":false},"excerpt":{"rendered":"<p>EAN: 6970260908504 Size: 22 x \u00d8 7,3cm Waterproof: Water resistant Weight: 0,408 Material: TPE Color: Nude The Virgin-Skin Blowout Double Side Stroker offers an unparalleled realistic feel that surpasses other strokers. It has specially designed chambers with pleasure nubs and bumps, which create a tight and stimulating passage, starting at the vaginal area and followed [&hellip;]<\/p>","protected":false},"featured_media":6398,"comment_status":"open","ping_status":"closed","template":"","meta":[],"product_brand":[],"product_cat":[220],"product_tag":[],"class_list":{"0":"post-6394","1":"product","2":"type-product","3":"status-publish","4":"has-post-thumbnail","6":"product_cat-for-him","8":"first","9":"instock","10":"shipping-taxable","11":"purchasable","12":"product-type-simple"},"_links":{"self":[{"href":"https:\/\/officialmedistore.com\/fr\/wp-json\/wp\/v2\/product\/6394","targetHints":{"allow":["GET"]}}],"collection":[{"href":"https:\/\/officialmedistore.com\/fr\/wp-json\/wp\/v2\/product"}],"about":[{"href":"https:\/\/officialmedistore.com\/fr\/wp-json\/wp\/v2\/types\/product"}],"replies":[{"embeddable":true,"href":"https:\/\/officialmedistore.com\/fr\/wp-json\/wp\/v2\/comments?post=6394"}],"wp:featuredmedia":[{"embeddable":true,"href":"https:\/\/officialmedistore.com\/fr\/wp-json\/wp\/v2\/media\/6398"}],"wp:attachment":[{"href":"https:\/\/officialmedistore.com\/fr\/wp-json\/wp\/v2\/media?parent=6394"}],"wp:term":[{"taxonomy":"product_brand","embeddable":true,"href":"https:\/\/officialmedistore.com\/fr\/wp-json\/wp\/v2\/product_brand?post=6394"},{"taxonomy":"product_cat","embeddable":true,"href":"https:\/\/officialmedistore.com\/fr\/wp-json\/wp\/v2\/product_cat?post=6394"},{"taxonomy":"product_tag","embeddable":true,"href":"https:\/\/officialmedistore.com\/fr\/wp-json\/wp\/v2\/product_tag?post=6394"}],"curies":[{"name":"wp","href":"https:\/\/api.w.org\/{rel}","templated":true}]}}