{"id":6010,"date":"2025-08-06T13:12:01","date_gmt":"2025-08-06T13:12:01","guid":{"rendered":"https:\/\/officialmedistore.com\/?post_type=product&#038;p=6010"},"modified":"2025-08-07T14:26:27","modified_gmt":"2025-08-07T14:26:27","slug":"4-ho-met-5-pallets-20mg","status":"publish","type":"product","link":"https:\/\/officialmedistore.com\/fr\/produit\/4-ho-met-5-pallets-20mg\/","title":{"rendered":"4-HO-MET 5 Pallets 20mg"},"content":{"rendered":"<h2><strong>Qu&#039;est-ce que le 4-HO-MET?<\/strong><\/h2>\n<p class=\"gt-block\">4-HO-MET, le nom complet de 4-hydroxy-N-m\u00e9thyl-N-ethyltryptamine, est une synth\u00e8se de la s\u00e9rotonine qui ressemble \u00e9troitement \u00e0 d&#039;autres substances dans la m\u00eame cat\u00e9gorie, tels que le 4-AcO-met en 4-HO-MiPT. Les utilisateurs de 4-HO-MET souvent trouver que cette variante est un peu plus doux par rapport \u00e0 la 4-HO-MiPT par exemple, mais offre toujours une exp\u00e9rience tr\u00e8s intense. Cela en fait un bon choix pour les d\u00e9butants et les utilisateurs exp\u00e9riment\u00e9s \u00e0 la recherche pour des effets visuels \u00e9clatants et l&#039;intensification de la sensibilisation.<\/p>\n<h2><strong>Comment fonctionne le 4-HO-MET de travail?<\/strong><\/h2>\n<p>Que pouvez-vous attendre \u00e0 partir de 4-HO-MET? Les utilisateurs signalent souvent qu&#039;elle produit color\u00e9 et dynamique visuels, coupl\u00e9 avec un sentiment d&#039;euphorie. L&#039;exp\u00e9rience psych\u00e9d\u00e9lique peut varier en fonction de la dose et de l&#039;environnement dans lequel il est utilis\u00e9. Pour certains, le 4-HO-MET vivid produit des mod\u00e8les et des distorsions dans leur vision, tandis que d&#039;autres, principalement de l&#039;exp\u00e9rience de perception sensorielle accrue.<\/p>\n<h2><strong>L&#039;utilisation et le stockage<\/strong><\/h2>\n<p class=\"gt-block\">4-HO-MET vient en pratique 20mg granul\u00e9s, disponible en bo\u00eetes de 1, 5, 10, ou 20. Nous recommandons toujours de commencer avec une dose plus faible de voir comment votre corps r\u00e9agit au produit. Pour une meilleure utilisation, le magasin 4-HO-met dans un endroit sec et frais, \u00e0 l&#039;abri de la lumi\u00e8re directe du soleil, et hors de port\u00e9e des enfants et des animaux de compagnie. Voulez en savoir plus sur l&#039;utilisation s\u00e9curitaire? Soyez s\u00fbr de v\u00e9rifier notre\u00a0<a href=\"https:\/\/officialmedistore.com\/fr\/safety-regulations\/\">r\u00e8glement sur la s\u00e9curit\u00e9 des<\/a>\u00a0pour des informations d\u00e9taill\u00e9es.<\/p>\n<h2><strong>Possible les inconv\u00e9nients et les effets secondaires<\/strong><\/h2>\n<p>Bien que le 4-HO-met est souvent d\u00e9crit comme doux et accessible, des effets secondaires peuvent se produire, comme avec d&#039;autres tryptamines. Ceux-ci peuvent inclure physique doux sensations de picotements ou de l&#039;augmentation de la fr\u00e9quence cardiaque. En outre, certains utilisateurs peuvent rencontrer temporaire des sentiments de confusion ou d&#039;anxi\u00e9t\u00e9, en particulier \u00e0 des doses plus \u00e9lev\u00e9es ou si l&#039;environnement est mal \u00e0 l&#039;aise. Par cons\u00e9quent, assurez-vous que vous \u00eates dans un environnement familier et s\u00fbr, de l&#039;environnement et sont physiquement et mentalement \u00e9quilibr\u00e9 avant de commencer.<\/p>","protected":false},"excerpt":{"rendered":"<p class=\"gt-block\">Cherchez-vous une exp\u00e9rience unique dans le monde de la\u00a0<a href=\"https:\/\/officialmedistore.com\/fr\/categorie-produit\/research-chemicals\/tryptamines\/\">les tryptamines<\/a>? 4-HO-met est un populaire et aim\u00e9 produit dans cette cat\u00e9gorie et est connu pour ses effets sp\u00e9ciaux. Au DrSupply vous pouvez acheter de la 4-HO-MET, des pastilles de 20 mg, disponible pour 1, 5, 10 ou 20 pi\u00e8ces. Pour toute personne \u00e0 la recherche d&#039;une nouvelle exp\u00e9rience au sein de substances psych\u00e9d\u00e9liques, 4-HO-met est vraiment recommand\u00e9!<\/p>\n<p>Veuillez noter: DrSupply dispose de 4-HO-MET de recherche chimique seulement.<\/p>","protected":false},"featured_media":6012,"comment_status":"open","ping_status":"closed","template":"","meta":[],"product_brand":[],"product_cat":[214],"product_tag":[],"class_list":{"0":"post-6010","1":"product","2":"type-product","3":"status-publish","4":"has-post-thumbnail","6":"product_cat-tryptamines","8":"first","9":"instock","10":"shipping-taxable","11":"purchasable","12":"product-type-simple"},"_links":{"self":[{"href":"https:\/\/officialmedistore.com\/fr\/wp-json\/wp\/v2\/product\/6010","targetHints":{"allow":["GET"]}}],"collection":[{"href":"https:\/\/officialmedistore.com\/fr\/wp-json\/wp\/v2\/product"}],"about":[{"href":"https:\/\/officialmedistore.com\/fr\/wp-json\/wp\/v2\/types\/product"}],"replies":[{"embeddable":true,"href":"https:\/\/officialmedistore.com\/fr\/wp-json\/wp\/v2\/comments?post=6010"}],"wp:featuredmedia":[{"embeddable":true,"href":"https:\/\/officialmedistore.com\/fr\/wp-json\/wp\/v2\/media\/6012"}],"wp:attachment":[{"href":"https:\/\/officialmedistore.com\/fr\/wp-json\/wp\/v2\/media?parent=6010"}],"wp:term":[{"taxonomy":"product_brand","embeddable":true,"href":"https:\/\/officialmedistore.com\/fr\/wp-json\/wp\/v2\/product_brand?post=6010"},{"taxonomy":"product_cat","embeddable":true,"href":"https:\/\/officialmedistore.com\/fr\/wp-json\/wp\/v2\/product_cat?post=6010"},{"taxonomy":"product_tag","embeddable":true,"href":"https:\/\/officialmedistore.com\/fr\/wp-json\/wp\/v2\/product_tag?post=6010"}],"curies":[{"name":"wp","href":"https:\/\/api.w.org\/{rel}","templated":true}]}}