{"id":5996,"date":"2025-08-06T12:12:38","date_gmt":"2025-08-06T12:12:38","guid":{"rendered":"https:\/\/officialmedistore.com\/?post_type=product&#038;p=5996"},"modified":"2025-08-07T14:27:18","modified_gmt":"2025-08-07T14:27:18","slug":"adb-butinaca-powder-5grams","status":"publish","type":"product","link":"https:\/\/officialmedistore.com\/fr\/produit\/adb-butinaca-powder-5grams\/","title":{"rendered":"ADB Butinaca Powder 5grams"},"content":{"rendered":"<h2><strong>What is ADB Butanica?<\/strong><\/h2>\n<p class=\"gt-block\">ADB Butanica falls under the synthetic cannabinoids and is designed to interact with cannabinoid receptors in the body. ADB Butanica is part of the same class as other popular synthetics such as SGT-152 and\u00a0JWH-210.\u00a0Although it is still relatively new, it has already gained a lot of attention for its powerful effects. ADB-Butinaca can produce several effects similar to those of cannabis, including relaxation, increased euphoria, and changes in perception.<\/p>\n<h2><strong>How do you use ADB Butanica?<\/strong><\/h2>\n<p class=\"gt-block\">This product is usually snorted. Our ADB Butanica powder is pure and easy to dose. Always store the product in an airtight container in a dry, cool place, and follow the safety instructions to ensure the stability of the substance.<\/p>\n<h2><strong>Effects and possible side effects<\/strong><\/h2>\n<p class=\"gt-block\">Previous studies have shown that ADB Butanica powder can induce an intense feeling of relaxation and euphoria. However, as with all cannabinoids, side effects can occur when used in high doses. Some common side effects include nausea and dizziness. Therefore, always consult our\u00a0<a href=\"https:\/\/officialmedistore.com\/fr\/safety-regulations\/\">r\u00e8glement sur la s\u00e9curit\u00e9 des<\/a>\u00a0for proper use.<\/p>","protected":false},"excerpt":{"rendered":"<p class=\"gt-block\">Are you looking for top quality ADB Butanica? DrSupply is the place to go! ADB Butanica is a synthetic\u00a0<a href=\"https:\/\/officialmedistore.com\/fr\/categorie-produit\/research-chemicals\/cannabinoids\/\">cannabinoid<\/a>\u00a0which is becoming increasingly popular due to its powerful and unique properties.<\/p>\n<p class=\"gt-block\">We offer ADB Butanica in powder form, available in quantities of 1, 2, 5, 10 and 20 grams. Please note: ADB Butanica is intended for research purposes only and not for consumption.<\/p>","protected":false},"featured_media":5998,"comment_status":"open","ping_status":"closed","template":"","meta":[],"product_brand":[],"product_cat":[212],"product_tag":[],"class_list":{"0":"post-5996","1":"product","2":"type-product","3":"status-publish","4":"has-post-thumbnail","6":"product_cat-cannabinoids","8":"first","9":"instock","10":"shipping-taxable","11":"purchasable","12":"product-type-simple"},"_links":{"self":[{"href":"https:\/\/officialmedistore.com\/fr\/wp-json\/wp\/v2\/product\/5996","targetHints":{"allow":["GET"]}}],"collection":[{"href":"https:\/\/officialmedistore.com\/fr\/wp-json\/wp\/v2\/product"}],"about":[{"href":"https:\/\/officialmedistore.com\/fr\/wp-json\/wp\/v2\/types\/product"}],"replies":[{"embeddable":true,"href":"https:\/\/officialmedistore.com\/fr\/wp-json\/wp\/v2\/comments?post=5996"}],"wp:featuredmedia":[{"embeddable":true,"href":"https:\/\/officialmedistore.com\/fr\/wp-json\/wp\/v2\/media\/5998"}],"wp:attachment":[{"href":"https:\/\/officialmedistore.com\/fr\/wp-json\/wp\/v2\/media?parent=5996"}],"wp:term":[{"taxonomy":"product_brand","embeddable":true,"href":"https:\/\/officialmedistore.com\/fr\/wp-json\/wp\/v2\/product_brand?post=5996"},{"taxonomy":"product_cat","embeddable":true,"href":"https:\/\/officialmedistore.com\/fr\/wp-json\/wp\/v2\/product_cat?post=5996"},{"taxonomy":"product_tag","embeddable":true,"href":"https:\/\/officialmedistore.com\/fr\/wp-json\/wp\/v2\/product_tag?post=5996"}],"curies":[{"name":"wp","href":"https:\/\/api.w.org\/{rel}","templated":true}]}}