{"id":5964,"date":"2025-08-06T11:36:45","date_gmt":"2025-08-06T11:36:45","guid":{"rendered":"https:\/\/officialmedistore.com\/?post_type=product&#038;p=5964"},"modified":"2025-08-07T14:28:10","modified_gmt":"2025-08-07T14:28:10","slug":"3-mec-powder","status":"publish","type":"product","link":"https:\/\/officialmedistore.com\/fr\/produit\/3-mec-powder\/","title":{"rendered":"3-MEC Powder"},"content":{"rendered":"<h2><strong>What can you expect from 3-MEC?<\/strong><\/h2>\n<p>Users of 3-MEC often report an increase in energy and alertness, combined with a mild euphoric feeling. These effects make it very popular. Effects can vary depending on dosage and individual sensitivity, but 3-MEC generally provides a balanced experience.<\/p>\n<h2><strong>How does 3-MEC work?<\/strong><\/h2>\n<p>3-MEC affects the central nervous system and increases levels of dopamine and norepinephrine, neurotransmitters responsible for feelings of happiness and energy. This can result in an uplifted mood and a greater sense of focus. It is important to maintain the correct dosage and use the product responsibly.<\/p>\n<h2><strong>Safety and storage<\/strong><\/h2>\n<p class=\"gt-block\">As a research chemical, 3-MEC is intended for research purposes only and not for human consumption. It is important to handle the product with care and store it in a cool, dry place, out of reach of children and pets. Also, make sure you\u00a0<a href=\"https:\/\/officialmedistore.com\/fr\/safety-regulations\/\">r\u00e8glement sur la s\u00e9curit\u00e9 des<\/a>\u00a0follows as stated on our website!<\/p>","protected":false},"excerpt":{"rendered":"<p>Are you looking for 3-MEC powder? At DrSupply you can order this substance in quantities from 1 to 50 grams. 3-MEC is a synthetic compound from the cathinone family and is often compared to similar substances such as 3-CEC, the illegal 4-CMC and the legal\u00a04-BMC\u00a0This compound is popular for its stimulating properties and interesting chemical structure.<\/p>","protected":false},"featured_media":5965,"comment_status":"open","ping_status":"closed","template":"","meta":[],"product_brand":[],"product_cat":[210],"product_tag":[],"class_list":{"0":"post-5964","1":"product","2":"type-product","3":"status-publish","4":"has-post-thumbnail","6":"product_cat-cathinones","8":"first","9":"instock","10":"shipping-taxable","11":"purchasable","12":"product-type-variable"},"_links":{"self":[{"href":"https:\/\/officialmedistore.com\/fr\/wp-json\/wp\/v2\/product\/5964","targetHints":{"allow":["GET"]}}],"collection":[{"href":"https:\/\/officialmedistore.com\/fr\/wp-json\/wp\/v2\/product"}],"about":[{"href":"https:\/\/officialmedistore.com\/fr\/wp-json\/wp\/v2\/types\/product"}],"replies":[{"embeddable":true,"href":"https:\/\/officialmedistore.com\/fr\/wp-json\/wp\/v2\/comments?post=5964"}],"wp:featuredmedia":[{"embeddable":true,"href":"https:\/\/officialmedistore.com\/fr\/wp-json\/wp\/v2\/media\/5965"}],"wp:attachment":[{"href":"https:\/\/officialmedistore.com\/fr\/wp-json\/wp\/v2\/media?parent=5964"}],"wp:term":[{"taxonomy":"product_brand","embeddable":true,"href":"https:\/\/officialmedistore.com\/fr\/wp-json\/wp\/v2\/product_brand?post=5964"},{"taxonomy":"product_cat","embeddable":true,"href":"https:\/\/officialmedistore.com\/fr\/wp-json\/wp\/v2\/product_cat?post=5964"},{"taxonomy":"product_tag","embeddable":true,"href":"https:\/\/officialmedistore.com\/fr\/wp-json\/wp\/v2\/product_tag?post=5964"}],"curies":[{"name":"wp","href":"https:\/\/api.w.org\/{rel}","templated":true}]}}