{"id":5268,"date":"2025-07-27T14:58:29","date_gmt":"2025-07-27T14:58:29","guid":{"rendered":"https:\/\/officialmedistore.com\/?post_type=product&#038;p=5268"},"modified":"2025-08-07T16:51:56","modified_gmt":"2025-08-07T16:51:56","slug":"norflurazepam","status":"publish","type":"product","link":"https:\/\/officialmedistore.com\/fr\/produit\/norflurazepam\/","title":{"rendered":"Norflurazepam"},"content":{"rendered":"<h2><strong>What is Norflurazepam?<\/strong><\/h2>\n<p>Norflurazepam, also known as N-desalkylflurazepam, is a benzodiazepine that belongs to the New Psychoactive Substances (NPS). The effects of this substance are very similar to those of flurazepam, a drug often prescribed to people with serious sleep problems. What makes Norflurazepam interesting is its long-lasting effect, with users experiencing effects for up to 24 hours after taking it.<\/p>\n<h2><strong>How does Norflurazepam work?<\/strong><\/h2>\n<p>The duration of action of Norflurazepam is between 10 and 16 hours, but some users report that the effects last much longer, especially when taken regularly. Users often experience deep relaxation, reduced anxiety, and a feeling of drowsiness. It is perfect for those who want long-lasting calmness, without wearing off too quickly.<\/p>\n<h2><strong>Uses of Norflurazepam Pellets<\/strong><\/h2>\n<p class=\"gt-block\">Norflurazepam is easy to use due to the small pellets and the precise dosage of 5 mg. Store your Norflurazepam in a cool, dry place and out of direct sunlight for optimal shelf life. This ensures that the pellets retain their quality for research. For more details on responsible use, we recommend that you consult our\u00a0<a href=\"https:\/\/officialmedistore.com\/fr\/safety-regulations\/\">r\u00e8glement sur la s\u00e9curit\u00e9 des<\/a>\u00a0to watch.<\/p>\n<h2><strong>Possible disadvantages<\/strong><\/h2>\n<p>Although Norflurazepam is similar to other benzodiazepines, there are a number of known side effects. These include drowsiness, muscle weakness, dizziness, confusion and sometimes double vision. It is important to be careful with the dosage and not to combine other depressants, such as alcohol, with Norflurazepam, as this can increase the effects.<\/p>","protected":false},"excerpt":{"rendered":"<p class=\"gt-block\">Looking for top quality Norflurazepam? At DrSupply you will find Norflurazepam pellets of 5 mg in quantities of 10, 20, 50 and 100 pieces. Norflurazepam is a relatively new\u00a0<a href=\"https:\/\/officialmedistore.com\/fr\/benzodiazepines\/\">benzodiazepines<\/a>\u00a0which is particularly popular in research settings.<\/p>\n<p>Although this substance has only been on the market since 2016, it is only offered as a research chemical and not for recreational use.<\/p>\n<div class=\"wdp_pricing_table_caption\">Gradual discount<\/div>\n<table class=\"wdp_pricing_table\">\n<thead>\n<tr>\n<td>Quantity<\/td>\n<td>Discount<\/td>\n<td>Lowered price<\/td>\n<\/tr>\n<\/thead>\n<tbody>\n<tr>\n<td>10 &#8211; 19<\/td>\n<td>10%<\/td>\n<td><span class=\"woocommerce-Price-amount amount\"><bdi><span class=\"woocommerce-Price-currencySymbol\">\u20ac<\/span>1,26<\/bdi><\/span><\/td>\n<\/tr>\n<tr>\n<td>20 &#8211; 49<\/td>\n<td>28%<\/td>\n<td><span class=\"woocommerce-Price-amount amount\"><bdi><span class=\"woocommerce-Price-currencySymbol\">\u20ac<\/span>1,01<\/bdi><\/span><\/td>\n<\/tr>\n<tr>\n<td>50 &#8211; 99<\/td>\n<td>36%<\/td>\n<td><span class=\"woocommerce-Price-amount amount\"><bdi><span class=\"woocommerce-Price-currencySymbol\">\u20ac<\/span>0,90<\/bdi><\/span><\/td>\n<\/tr>\n<tr>\n<td>100+<\/td>\n<td>41%<\/td>\n<td><span class=\"woocommerce-Price-amount amount\"><bdi><span class=\"woocommerce-Price-currencySymbol\">\u20ac<\/span>0,83<\/bdi><\/span><\/td>\n<\/tr>\n<\/tbody>\n<\/table>","protected":false},"featured_media":5270,"comment_status":"open","ping_status":"closed","template":"","meta":[],"product_brand":[],"product_cat":[208,209,183],"product_tag":[],"class_list":{"0":"post-5268","1":"product","2":"type-product","3":"status-publish","4":"has-post-thumbnail","6":"product_cat-arylcyclohexylamine","7":"product_cat-benzodiazepines","8":"product_cat-legal-research-chemicals","10":"first","11":"instock","12":"shipping-taxable","13":"purchasable","14":"product-type-simple"},"_links":{"self":[{"href":"https:\/\/officialmedistore.com\/fr\/wp-json\/wp\/v2\/product\/5268","targetHints":{"allow":["GET"]}}],"collection":[{"href":"https:\/\/officialmedistore.com\/fr\/wp-json\/wp\/v2\/product"}],"about":[{"href":"https:\/\/officialmedistore.com\/fr\/wp-json\/wp\/v2\/types\/product"}],"replies":[{"embeddable":true,"href":"https:\/\/officialmedistore.com\/fr\/wp-json\/wp\/v2\/comments?post=5268"}],"wp:featuredmedia":[{"embeddable":true,"href":"https:\/\/officialmedistore.com\/fr\/wp-json\/wp\/v2\/media\/5270"}],"wp:attachment":[{"href":"https:\/\/officialmedistore.com\/fr\/wp-json\/wp\/v2\/media?parent=5268"}],"wp:term":[{"taxonomy":"product_brand","embeddable":true,"href":"https:\/\/officialmedistore.com\/fr\/wp-json\/wp\/v2\/product_brand?post=5268"},{"taxonomy":"product_cat","embeddable":true,"href":"https:\/\/officialmedistore.com\/fr\/wp-json\/wp\/v2\/product_cat?post=5268"},{"taxonomy":"product_tag","embeddable":true,"href":"https:\/\/officialmedistore.com\/fr\/wp-json\/wp\/v2\/product_tag?post=5268"}],"curies":[{"name":"wp","href":"https:\/\/api.w.org\/{rel}","templated":true}]}}