{"id":15,"date":"2024-07-08T10:25:04","date_gmt":"2024-07-08T10:25:04","guid":{"rendered":"http:\/\/sw-themes.com\/porto_dummy\/?page_id=15"},"modified":"2025-08-07T17:55:21","modified_gmt":"2025-08-07T17:55:21","slug":"about-us","status":"publish","type":"page","link":"https:\/\/officialmedistore.com\/fr\/about-us\/","title":{"rendered":"\u00c0 Propos De Nous"},"content":{"rendered":"<div data-elementor-type=\"wp-page\" data-elementor-id=\"15\" class=\"elementor elementor-15\">\n\t\t\t\t<div class=\"elementor-element elementor-element-526b560 e-flex e-con-boxed e-con e-parent\" data-id=\"526b560\" data-element_type=\"container\">\r\n\t\t\t\t\t<div class=\"e-con-inner\">\r\n\t\t\t\t<div class=\"elementor-element elementor-element-d8372b1 elementor-widget elementor-widget-text-editor\" data-id=\"d8372b1\" data-element_type=\"widget\" data-widget_type=\"text-editor.default\">\n\t\t\t\t\t\t\t\t\t<p>DrSupply est votre guichet unique pour tout ce qui essentiel pour obtenir d&#039;excellents r\u00e9sultats de la recherche. Nous offrons une vaste gamme de produits chimiques de recherche tels que 3CMC, 2MMC, 3MMA et plus, que vous pouvez acheter chez nous rapidement et en toute s\u00e9curit\u00e9. Gr\u00e2ce \u00e0 notre gamme vari\u00e9e, quelque chose de convenable est disponible pour tout le monde. La satisfaction du client est notre priorit\u00e9 et nous sommes fiers de la confirmation que nous avons atteint nos objectifs. Nous sommes engag\u00e9s \u00e0 am\u00e9liorer en permanence l&#039;exp\u00e9rience dans notre boutique en ligne, de sorte que les clients peuvent facilement et rapidement trouver ce dont ils ont besoin. Si vous commandez des produits de la recherche avant 5:00 PM, vous recevrez le lendemain, de sorte que vous pouvez commencer votre recherche imm\u00e9diatement.<\/p><p>DrSupply comprend le plaisir d&#039;un moment d&#039;\u00e9vasion de la r\u00e9alit\u00e9 au cours d&#039;une partie. Notre objectif est de le rendre aussi facile que possible pour nos clients de se d\u00e9tendre. Nous ne vendons que des produits chimiques de recherche de la plus haute qualit\u00e9 dans les pays-bas, en collaboration avec les meilleurs fournisseurs. De concert avec nos partenaires, nous nous effor\u00e7ons continuellement de la plus haute qualit\u00e9 et de service. Nous voulons que nos clients ont un acc\u00e8s facile et s\u00e9curitaire exp\u00e9rience d&#039;achat sans tracas.<\/p><p>Nous insistons sur le fait que nos produits sont destin\u00e9s uniquement \u00e0 des fins de recherche et non pour la consommation humaine. Stocker dans un endroit sec et frais pour optimiser la dur\u00e9e de vie d&#039;environ deux ans, et de les garder hors de port\u00e9e des enfants et des animaux de compagnie.<\/p><p>La satisfaction du client est d&#039;une grande importance pour nous et nous faisons tout en notre pouvoir pour nous assurer de cela.<\/p><p>N&#039;attendez plus et passez votre commande aujourd&#039;hui.<\/p><p>DrSupply vous souhaite beaucoup de plaisir de faire les courses.<\/p>\t\t\t\t\t\t\t\t<\/div>\n\t\t\t\t\t<\/div>\n\t\t\t\t<\/div>\n\t\t\t\t<\/div>","protected":false},"excerpt":{"rendered":"<p>DrSupply is your one-stop shop for everything essential to achieve excellent research results. We offer an extensive range of research chemicals such as 3CMC, 2MMC, 3MMA and more, which you can purchase from us quickly and safely. With our varied range, something suitable is available to everyone. Customer satisfaction is our top priority and we [&hellip;]<\/p>","protected":false},"author":1,"featured_media":0,"parent":0,"menu_order":0,"comment_status":"closed","ping_status":"closed","template":"","meta":{"footnotes":""},"class_list":["post-15","page","type-page","status-publish","hentry"],"_links":{"self":[{"href":"https:\/\/officialmedistore.com\/fr\/wp-json\/wp\/v2\/pages\/15","targetHints":{"allow":["GET"]}}],"collection":[{"href":"https:\/\/officialmedistore.com\/fr\/wp-json\/wp\/v2\/pages"}],"about":[{"href":"https:\/\/officialmedistore.com\/fr\/wp-json\/wp\/v2\/types\/page"}],"author":[{"embeddable":true,"href":"https:\/\/officialmedistore.com\/fr\/wp-json\/wp\/v2\/users\/1"}],"replies":[{"embeddable":true,"href":"https:\/\/officialmedistore.com\/fr\/wp-json\/wp\/v2\/comments?post=15"}],"version-history":[{"count":3,"href":"https:\/\/officialmedistore.com\/fr\/wp-json\/wp\/v2\/pages\/15\/revisions"}],"predecessor-version":[{"id":6517,"href":"https:\/\/officialmedistore.com\/fr\/wp-json\/wp\/v2\/pages\/15\/revisions\/6517"}],"wp:attachment":[{"href":"https:\/\/officialmedistore.com\/fr\/wp-json\/wp\/v2\/media?parent=15"}],"curies":[{"name":"wp","href":"https:\/\/api.w.org\/{rel}","templated":true}]}}